{"id":113,"date":"2024-04-24T21:01:30","date_gmt":"2024-04-24T19:01:30","guid":{"rendered":"https:\/\/gersthofer.org\/el\/?page_id=113"},"modified":"2024-04-26T11:36:50","modified_gmt":"2024-04-26T09:36:50","slug":"satzung","status":"publish","type":"page","link":"https:\/\/gersthofer.org\/el\/satzung\/","title":{"rendered":"Satzung"},"content":{"rendered":"\t\t<div data-elementor-type=\"wp-page\" data-elementor-id=\"113\" class=\"elementor elementor-113\" data-elementor-post-type=\"page\">\n\t\t\t\t\t\t<section class=\"elementor-section elementor-top-section elementor-element elementor-element-97da45d elementor-section-boxed elementor-section-height-default elementor-section-height-default\" data-id=\"97da45d\" data-element_type=\"section\">\n\t\t\t\t\t\t<div class=\"elementor-container elementor-column-gap-default\">\n\t\t\t\t\t<div class=\"elementor-column elementor-col-100 elementor-top-column elementor-element elementor-element-cd32933\" data-id=\"cd32933\" data-element_type=\"column\">\n\t\t\t<div class=\"elementor-widget-wrap elementor-element-populated\">\n\t\t\t\t\t\t<div class=\"elementor-element elementor-element-65535e3 elementor-widget elementor-widget-text-editor\" data-id=\"65535e3\" data-element_type=\"widget\" data-widget_type=\"text-editor.default\">\n\t\t\t\t<div class=\"elementor-widget-container\">\n\t\t\t\t\t\t\t\t\t<p style=\"text-align: center;\">Vereinssatzung des Orgelbauvereins<br>St. Jakobus major<br>\u00a7 1<br>Der Verein f\u00fchrt den Namen \u201eOrgelbauverein St. Jakobus major\u201c.<br>Sitz des Vereins ist Schulstr. 1 in 86368 Gersthofen.<br>\u00a7 2<br>Der Zweck des Vereins ist die Pflege und der Erhalt der<br>Kirchenmusik in St. Jakobus major \u2013 Gersthofen und Maria, K\u00f6nigin des Friedens \u2013 Gersthofen.<br>Vorrangiges Ziel ist die finanzielle Unterst\u00fctzung der<br>Kirchenverwaltung bei der Renovierung der Hindelang-Orgel aus<br>dem Jahr 1928 der Pfarrkirche St. Jakobus major.<br>Mitgliederbeitr\u00e4ge, Spenden, Einnahmen aus Veranstaltungen<br>und Verkaufsaktionen dienen diesem Ziel.<br>\u00a7 3<br>Mitglied des Vereins kann jede nat\u00fcrliche Person im Alter ab 18<br>Jahren werden, die die Ziele des Vereins unterst\u00fctzt. \u00dcber die<br>Aufnahme entscheidet nach schriftlichem Antrag der Vorstand.<br>Der Jahresbeitrag wird von der Mitgliederversammlung festgelegt.<br>\u00a7 4<br>Der Austritt aus dem Verein ist zum 31.12. eines jeden Jahres m\u00f6glich,<br>muss jedoch schriftlich gegen\u00fcber einem Vorstandsmitglied erkl\u00e4rt werden.<br>Ein ausgetretenes Mitglied hat keinen Anspruch auf das Vereinsverm\u00f6gen.<br>\u00a7 5<br>Ein Mitglied kann aus dem Verein ausgeschlossen werden, wenn<br>sein Verhalten in grober Weise gegen die Interessen des Vereins<br>verst\u00f6\u00dft. \u00dcber den Ausschluss entscheidet der Vorstand,<br>gegebenenfalls nach Anh\u00f6rung der Mitgliederversammlung.<br>\u00a7 6<br>Der Vorstand besteht aus dem<br>1. Vorsitzenden (m\/w\/d)<br>2. Vorsitzenden (m\/w\/d)<br>1. Beisitzer (m\/w\/d)<br>2. Beisitzer (m\/w\/d)<br>Kassenverwalter (m\/w\/d)<br>Schriftf\u00fchrer (m\/w\/d)<br>Kassenrevisor (m\/w\/d)<br>Der 1. Vorsitzende, 2. Vorsitzende, der Kassier und der<br>Schriftf\u00fchrer k\u00f6nnen den Verein einzeln gerichtlich und<br>au\u00dfergerichtlich vertreten. Er wird in der j\u00e4hrlich stattfindenden<br>Mitgliederversammlung auf die Dauer von 3 Jahren mit einfacher<br>Stimmenmehrheit der abgegebenen Stimmen gew\u00e4hlt.<br>Der alte Vorstand bleibt nach Ablauf der Amtszeit bis zur<br>Neuwahl des neuen Vorstands im Amt.<br>\u00a7 7<br>Die ordentliche Mitgliederversammlung findet j\u00e4hrlich, m\u00f6glichst im ersten Quartal, statt.<br>Au\u00dferdem muss eine Mitgliederversammlung einberufen werden, wenn das Interesse<br>des Vereins es verlangt. Jede Mitgliederversammlung wird von einem Vorstandsmitglied schriftlich (auch online) und unter<br>Einhaltung einer Ladefrist von 2 Wochen einberufen. Die festgesetzte Tagesordnung ist dabei mitzuteilen.<br>\u00a7 8<br>Die Mitgliederversammlung wird in der Regel vom 1. Vorsitzenden geleitet. Es kann dazu aber auch jedes andere<br>Vorstandsmitglied delegiert werden. Ist der Schriftf\u00fchrer nicht anwesend, so wird vom Versammlungsleiter ein anderes Mitglied dazu aufgefordert, das Protokoll zu fertigen. Die Beschlussfassung erfolgt durch einfache Stimmenmehrheit der<br>abgegebenen Stimmen. Stimmenthaltungen und ung\u00fcltige Stimmen bleiben daher au\u00dfer Betracht. Zur \u00c4nderung der<br>Satzung ist eine Mehrheit von 2\/3, zur \u00c4nderung des Vereinszweckes und zur Aufl\u00f6sung des Vereins ist eine Mehrheit von<br>&nbsp;4\/5 der abgegebenen Stimmen erforderlich. Die Abstimmungsart bestimmt der Versammlungsleiter. Eine schriftliche Abstimmung muss erfolgen, wenn 1\/3 der erschienenen Mitglieder dies beantragt. Die gefassten Beschl\u00fcsse werden schriftlich niedergelegt und vom Versammlungsleiter, sowie dem Schriftf\u00fchrer unterzeichnet.&nbsp; Das Protokoll hat mindestens&nbsp; Ort und Zeit der Versammlung, anwesende Personen, sowie die Abstimmungsergebnisse zu enthalten.<br>\u00a7 9<br>Der Verein \u201eOrgelbauverein St. Jakobus major\u201c mit Sitz in Gersthofen verfolgt ausschlie\u00dflich und unmittelbar kirchliche Zwecke im Sinne des Abschnitts \u201esteuerbeg\u00fcnstigte Zwecke\u201c der Abgabenordnung. Der Verein ist selbstlos t\u00e4tig, er verfolgt nicht in erster Linie eigenwirtschaftliche Zwecke. Mittel des Vereins d\u00fcrfen nur f\u00fcr satzungsgem\u00e4\u00dfe Zwecke verwendet werden. Die Mitglieder erhalten keine Zuwendungen aus Mitteln des Vereins. Es darf keine Person durch Ausgaben, die dem Zweck der K\u00f6rperschaft fremd sind oder durch unverh\u00e4ltnism\u00e4\u00dfig hohe Verg\u00fctungen beg\u00fcnstigt werden.<br>Bei Aufl\u00f6sung des Vereins oder bei Wegfall steuerbeg\u00fcnstigter Zwecke f\u00e4llt das Verm\u00f6gen des Vereins an die Katholische<br>Kirchenstiftung St. Jakobus major \u2013 Gersthofen, die es unmittelbar und ausschlie\u00dflich f\u00fcr kirchliche Zwecke zu verwenden hat, vorzugsweise f\u00fcr Pflege und Erhalt der Kirchenmusik in St. Jakobus major \u2013 Gersthofen und Maria, K\u00f6nigin des Friedens \u2013 Gersthofen. Diese Satzung wurde am 04. Mai 2022 errichtet und am 08.07.2022 von den Gr\u00fcndungsmitgliedern angenommen und beschlossen.<\/p>\t\t\t\t\t\t\t\t<\/div>\n\t\t\t\t<\/div>\n\t\t\t\t\t<\/div>\n\t\t<\/div>\n\t\t\t\t\t<\/div>\n\t\t<\/section>\n\t\t\t\t<\/div>\n\t\t","protected":false},"excerpt":{"rendered":"<p>Vereinssatzung des OrgelbauvereinsSt. Jakobus major\u00a7 1Der Verein f\u00fchrt den Namen \u201eOrgelbauverein St. Jakobus major\u201c.Sitz des Vereins ist Schulstr. 1 in 86368 Gersthofen.\u00a7 2Der Zweck des Vereins ist die Pflege und der Erhalt derKirchenmusik in St. Jakobus major \u2013 Gersthofen und Maria, K\u00f6nigin des Friedens \u2013 Gersthofen.Vorrangiges Ziel ist die finanzielle Unterst\u00fctzung derKirchenverwaltung bei der Renovierung [&hellip;]<\/p>\n","protected":false},"author":2,"featured_media":0,"parent":0,"menu_order":0,"comment_status":"closed","ping_status":"closed","template":"","meta":{"footnotes":""},"class_list":["post-113","page","type-page","status-publish","hentry"],"_links":{"self":[{"href":"https:\/\/gersthofer.org\/el\/wp-json\/wp\/v2\/pages\/113","targetHints":{"allow":["GET"]}}],"collection":[{"href":"https:\/\/gersthofer.org\/el\/wp-json\/wp\/v2\/pages"}],"about":[{"href":"https:\/\/gersthofer.org\/el\/wp-json\/wp\/v2\/types\/page"}],"author":[{"embeddable":true,"href":"https:\/\/gersthofer.org\/el\/wp-json\/wp\/v2\/users\/2"}],"replies":[{"embeddable":true,"href":"https:\/\/gersthofer.org\/el\/wp-json\/wp\/v2\/comments?post=113"}],"version-history":[{"count":7,"href":"https:\/\/gersthofer.org\/el\/wp-json\/wp\/v2\/pages\/113\/revisions"}],"predecessor-version":[{"id":160,"href":"https:\/\/gersthofer.org\/el\/wp-json\/wp\/v2\/pages\/113\/revisions\/160"}],"wp:attachment":[{"href":"https:\/\/gersthofer.org\/el\/wp-json\/wp\/v2\/media?parent=113"}],"curies":[{"name":"wp","href":"https:\/\/api.w.org\/{rel}","templated":true}]}}