{"id":111,"date":"2024-04-24T21:01:08","date_gmt":"2024-04-24T19:01:08","guid":{"rendered":"https:\/\/gersthofer.org\/el\/?page_id=111"},"modified":"2026-03-10T17:20:16","modified_gmt":"2026-03-10T16:20:16","slug":"vorstand","status":"publish","type":"page","link":"https:\/\/gersthofer.org\/el\/vorstand\/","title":{"rendered":"Vorstand"},"content":{"rendered":"<p>Die Vorstandschaft setzt sich wie folgt zusammen:<\/p>\n<p>1. Vorstand: Bernhard Biberacher<\/p>\n<p>2. Vorstand: Gerhard Schuster<\/p>\n<p>Kassiererin: Elke Scheidle<\/p>\n<p>Schriftf\u00fchrer: Thomas Bertossi<\/p>\n<p>Kassenpr\u00fcfer: Christian Miller<\/p>\n<p>Beisitzer: Dr. Claudia Zirngibl und Gerda Dr\u00fcssler<\/p>\n<p><\/p>\n<p><!-- \/wp:post-content --><\/p><!-- \/wp:freeform -->","protected":false},"excerpt":{"rendered":"<p>Die Vorstandschaft setzt sich wie folgt zusammen: 1. Vorstand: Bernhard Biberacher 2. Vorstand: Gerhard Schuster Kassiererin: Elke Scheidle Schriftf\u00fchrer: Thomas Bertossi Kassenpr\u00fcfer: Christian Miller Beisitzer: Dr. Claudia Zirngibl und Gerda Dr\u00fcssler<\/p>\n","protected":false},"author":1,"featured_media":0,"parent":0,"menu_order":0,"comment_status":"closed","ping_status":"closed","template":"","meta":{"footnotes":""},"class_list":["post-111","page","type-page","status-publish","hentry"],"_links":{"self":[{"href":"https:\/\/gersthofer.org\/el\/wp-json\/wp\/v2\/pages\/111","targetHints":{"allow":["GET"]}}],"collection":[{"href":"https:\/\/gersthofer.org\/el\/wp-json\/wp\/v2\/pages"}],"about":[{"href":"https:\/\/gersthofer.org\/el\/wp-json\/wp\/v2\/types\/page"}],"author":[{"embeddable":true,"href":"https:\/\/gersthofer.org\/el\/wp-json\/wp\/v2\/users\/1"}],"replies":[{"embeddable":true,"href":"https:\/\/gersthofer.org\/el\/wp-json\/wp\/v2\/comments?post=111"}],"version-history":[{"count":8,"href":"https:\/\/gersthofer.org\/el\/wp-json\/wp\/v2\/pages\/111\/revisions"}],"predecessor-version":[{"id":195,"href":"https:\/\/gersthofer.org\/el\/wp-json\/wp\/v2\/pages\/111\/revisions\/195"}],"wp:attachment":[{"href":"https:\/\/gersthofer.org\/el\/wp-json\/wp\/v2\/media?parent=111"}],"curies":[{"name":"wp","href":"https:\/\/api.w.org\/{rel}","templated":true}]}}